{"id":6181,"date":"2025-01-06T19:48:30","date_gmt":"2025-01-06T19:48:30","guid":{"rendered":"https:\/\/sm-artcenter.com\/?page_id=6181"},"modified":"2026-03-18T09:50:45","modified_gmt":"2026-03-18T09:50:45","slug":"sm-museum-store","status":"publish","type":"page","link":"https:\/\/sm-artcenter.com\/fr\/sm-museum-store\/","title":{"rendered":"SM MUSEUM STORE 2026"},"content":{"rendered":"<div class=\"wpb-content-wrapper\"><section id=\"ut-section-69e039dac83bf\" data-vc-full-width=\"true\" data-vc-full-width-init=\"false\" data-cursor-skin=\"global\" class=\"vc_section ut-vc-200 vc_section-has-fill ut-section-69e039dac83d8\"><div id=\"ut-row-69e039dac937b\" data-vc-full-width=\"true\" data-vc-full-width-init=\"false\" class=\"vc_row wpb_row vc_row-fluid vc_column-gap-0 ut-animate-element animated ut-no-animation-tablet ut-no-animation-mobile ut-row-69e039dac95ac\" data-effect=\"fadeInUp\" data-animateonce=\"yes\" data-delay=\"50\" data-animation-duration=\"2s\"><div class=\"wpb_column vc_column_container vc_col-sm-12\" ><div id=\"ut_inner_column_69e039daca139\" class=\"vc_column-inner\" ><div class=\"wpb_wrapper\"><div  class=\"wpb_content_element   clearfix\"><style type=\"text\/css\">#ut_am_69e039daca656 { opacity: 1; }#ut_am_wrap_69e039daca658 { text-align: left; }@media (min-width: 768px) and (max-width: 1024px) { #ut_am_wrap_69e039daca658 { text-align: left !important; } }@media (max-width: 767px) { #ut_am_wrap_69e039daca658 { text-align: center !important; } }<\/style><div id=\"ut_am_wrap_69e039daca658\" class=\"ut-image-gallery-image\"><div id=\"ut_reveal_69e039daca659\"  data-appear-top-offset=\"auto\" class=\"ut-animated-image-item ut-image-gallery-item ut-animation-done\"><a class=\"ut-deactivated-link\" href=\"#\"><div class=\"ut-animated-image-zoom\">\r\n        <div class=\"ut-element-glitch-wrap\">\r\n\r\n            \r\n        <style type=\"text\/css\">\r\n\r\n                        \r\n        @media (min-width: 1025px) {\r\n\r\n        #ut-element-glitch-69e039daca6c1516421923-10327 .ut-glitch-single-element {\r\n                                            \r\n                }\r\n        }\r\n\r\n        @media (min-width: 768px) and (max-width: 1024px) {\r\n\r\n        #ut-element-glitch-69e039daca6c1516421923-10327 .ut-glitch-single-element {\r\n                                                \r\n                    }\r\n        }\r\n\r\n        @media (max-width: 767px) {\r\n\r\n        #ut-element-glitch-69e039daca6c1516421923-10327 .ut-glitch-single-element {\r\n                                                \r\n                    }\r\n        }\r\n\r\n        \r\n        <\/style>\r\n\r\n        \r\n            <div id=\"ut-element-glitch-69e039daca6c1516421923-10327\" class=\"ut-element-glitch ut-glitch-none ut-element-glitch-permanent\">\r\n                <div class=\"ut-glitch-single-element ut-lozad skip-lazy\" data-background-image=\"https:\/\/sm-artcenter.com\/wp-content\/uploads\/2026\/03\/GTV09907-copy-1.jpg\"><\/div>\r\n                <div class=\"ut-glitch-single-element ut-lozad skip-lazy\" data-background-image=\"https:\/\/sm-artcenter.com\/wp-content\/uploads\/2026\/03\/GTV09907-copy-1.jpg\"><\/div>\r\n                <div class=\"ut-glitch-single-element ut-lozad skip-lazy\" data-background-image=\"https:\/\/sm-artcenter.com\/wp-content\/uploads\/2026\/03\/GTV09907-copy-1.jpg\"><\/div>\r\n                <div class=\"ut-glitch-single-element ut-lozad skip-lazy\" data-background-image=\"https:\/\/sm-artcenter.com\/wp-content\/uploads\/2026\/03\/GTV09907-copy-1.jpg\"><\/div>\r\n                <div class=\"ut-glitch-single-element ut-lozad skip-lazy\" data-background-image=\"https:\/\/sm-artcenter.com\/wp-content\/uploads\/2026\/03\/GTV09907-copy-1.jpg\"><\/div>\r\n            <\/div>\r\n\r\n        <\/div>\r\n\r\n        <img loading=\"lazy\" decoding=\"async\" class=\"ut-lazy skip-lazy ut-animated-image\"  id=\"ut_am_69e039daca656\" src=\"data:image\/svg+xml;charset=utf-8,%3Csvg xmlns%3D'http%3A%2F%2Fwww.w3.org%2F2000%2Fsvg' viewBox%3D'0 0 2182 1106'%2F%3E\" data-src=\"https:\/\/sm-artcenter.com\/wp-content\/uploads\/2026\/03\/GTV09907-copy-1.jpg\" width=\"2182\" height=\"1106\" alt=\"\"\/><\/div><\/a><\/div><\/div><\/div><div class=\"wpb_content_element\"><style type=\"text\/css\">#ut_header_69e039dacad87 h2.section-title, #ut_header_69e039dacad87 h2.section-title span { color:#000000; }#ut_header_69e039dacad87 h2.section-title { font-size:50px !important;line-height:150% !important;letter-spacing:-0.07em; }#ut_header_69e039dacad87 .lead ins { color:#000000; }#ut_header_69e039dacad87 .lead ins { font-weight:bold; }#ut_header_69e039dacad87.pt-style-2 .page-title span:after, #ut_header_69e039dacad87.pt-style-2 .parallax-title span:after, #ut_header_69e039dacad87.pt-style-2 .section-title span:after { background-color:#000000 !important;}<\/style><header id=\"ut_header_69e039dacad87\" class=\"section-header  ut-no-title-linebreak-mobile ut-no-lead-linebreak-mobile pt-style-2 header-center header-tablet-center header-mobile-center element-with-custom-line-height\"><div class=\"element-with-custom-line-height\" ><h2 data-title=\"SM Art Center - Where Art &amp; Craft Becomes Legacy\"  data-responsive-font=\"section_title\" data-responsive-font-settings=\"{&quot;base-font-size&quot;:&quot;global&quot;,&quot;font-size&quot;:{&quot;desktop_large&quot;:&quot;50&quot;},&quot;base-line-height&quot;:&quot;global&quot;,&quot;line-height&quot;:{&quot;desktop_large&quot;:&quot;150&quot;},&quot;base-letter-spacing&quot;:&quot;global&quot;,&quot;letter-spacing&quot;:{&quot;desktop_large&quot;:&quot;-0.07&quot;}}\" class=\"section-title\"><span>Centre d'art SM - L\u00e0 o\u00f9 l'art et l'artisanat deviennent un h\u00e9ritage<\/span><\/h2><\/div><\/header><\/div>\r\n\t<div class=\"wpb_text_column wpb_content_element\" >\r\n\t\t<div class=\"wpb_wrapper\">\r\n\t\t\t<div style=\"text-align: justify;\">\n<p>Bienvenue dans notre magasin SM Museum, o\u00f9 l'espace met en valeur notre savoir-faire. Chaque pi\u00e8ce que vous voyez ici est unique et enti\u00e8rement faite \u00e0 la main, avec pr\u00e9cision, passion et fiert\u00e9 culturelle.<\/p>\n<\/div>\n<p><strong style=\"text-align: justify;\">Renforcer l'art, pr\u00e9server le patrimoine<\/strong><\/p>\n<div style=\"text-align: justify;\">\n<p>Au Centre d'art SM, nous faisons plus que cr\u00e9er. Nous formons, responsabilisons et employons. Notre centre n'est pas seulement un atelier ; c'est une plateforme o\u00f9 des personnes talentueuses issues des communaut\u00e9s rurales des environs de Siem Reap sont form\u00e9es pour devenir des ma\u00eetres de l'artisanat traditionnel khmer.<\/p>\n<\/div>\n<div style=\"text-align: justify;\">\u00c0 l'issue de leur formation, ils se voient proposer un emploi au Centre d'art SM, ce qui garantit \u00e0 la fois le d\u00e9veloppement de la cr\u00e9ativit\u00e9 et la viabilit\u00e9 financi\u00e8re.<\/div>\n<p><strong style=\"text-align: justify;\">Une vitrine du patrimoine et de l'innovation<\/strong><\/p>\n<div style=\"text-align: justify;\">\n<p>Notre salle d'exposition est une fen\u00eatre sur l'h\u00e9ritage vivant de l'artisanat cambodgien, pr\u00e9sentant des \u0153uvres organis\u00e9es en trois collections distinctes :<\/p>\n<\/div>\n\r\n\t\t<\/div>\r\n\t<\/div>\r\n<style type=\"text\/css\">#ut_si_69e039dad0d1b { margin-bottom: 4 }<\/style><div id=\"ut_si_69e039dad0d1b\" class=\"ut-skewed-image-border\"><div class=\"ut-skewed-image-border-slice\"><img decoding=\"async\" class=\"ut-lazy\" src=\"data:image\/svg+xml;charset=utf-8,%3Csvg xmlns%3D'http%3A%2F%2Fwww.w3.org%2F2000%2Fsvg' viewBox%3D'0 0 1600 900'%2F%3E\" data-src=\"https:\/\/sm-artcenter.com\/wp-content\/uploads\/2026\/03\/GTV09900-copy.jpg\"><\/div><div class=\"ut-skewed-image-border-slice\"><img decoding=\"async\" class=\"ut-lazy\" src=\"data:image\/svg+xml;charset=utf-8,%3Csvg xmlns%3D'http%3A%2F%2Fwww.w3.org%2F2000%2Fsvg' viewBox%3D'0 0 1600 900'%2F%3E\" data-src=\"https:\/\/sm-artcenter.com\/wp-content\/uploads\/2026\/03\/GTV09888-copy.jpg\"><\/div><div class=\"ut-skewed-image-border-slice\"><img decoding=\"async\" class=\"ut-lazy\" src=\"data:image\/svg+xml;charset=utf-8,%3Csvg xmlns%3D'http%3A%2F%2Fwww.w3.org%2F2000%2Fsvg' viewBox%3D'0 0 1600 900'%2F%3E\" data-src=\"https:\/\/sm-artcenter.com\/wp-content\/uploads\/2026\/03\/DSCF5984-copy.jpg\"><\/div><div class=\"ut-skewed-image-border-slice\"><img decoding=\"async\" class=\"ut-lazy\" src=\"data:image\/svg+xml;charset=utf-8,%3Csvg xmlns%3D'http%3A%2F%2Fwww.w3.org%2F2000%2Fsvg' viewBox%3D'0 0 1600 900'%2F%3E\" data-src=\"https:\/\/sm-artcenter.com\/wp-content\/uploads\/2026\/03\/DSCF5986-copy.jpg\"><\/div><\/div><style type=\"text\/css\">#ut_si_69e039dad2287 { margin-bottom: 4 }<\/style><div id=\"ut_si_69e039dad2287\" class=\"ut-skewed-image-border\"><div class=\"ut-skewed-image-border-slice\"><img decoding=\"async\" class=\"ut-lazy\" src=\"data:image\/svg+xml;charset=utf-8,%3Csvg xmlns%3D'http%3A%2F%2Fwww.w3.org%2F2000%2Fsvg' viewBox%3D'0 0 1600 900'%2F%3E\" data-src=\"https:\/\/sm-artcenter.com\/wp-content\/uploads\/2026\/03\/DSCF5999-copy.jpg\"><\/div><div class=\"ut-skewed-image-border-slice\"><img decoding=\"async\" class=\"ut-lazy\" src=\"data:image\/svg+xml;charset=utf-8,%3Csvg xmlns%3D'http%3A%2F%2Fwww.w3.org%2F2000%2Fsvg' viewBox%3D'0 0 1600 900'%2F%3E\" data-src=\"https:\/\/sm-artcenter.com\/wp-content\/uploads\/2026\/03\/DSCF6002-copy.jpg\"><\/div><div class=\"ut-skewed-image-border-slice\"><img decoding=\"async\" class=\"ut-lazy\" src=\"data:image\/svg+xml;charset=utf-8,%3Csvg xmlns%3D'http%3A%2F%2Fwww.w3.org%2F2000%2Fsvg' viewBox%3D'0 0 1600 900'%2F%3E\" data-src=\"https:\/\/sm-artcenter.com\/wp-content\/uploads\/2026\/03\/DSCF6005-copy.jpg\"><\/div><div class=\"ut-skewed-image-border-slice\"><img decoding=\"async\" class=\"ut-lazy\" src=\"data:image\/svg+xml;charset=utf-8,%3Csvg xmlns%3D'http%3A%2F%2Fwww.w3.org%2F2000%2Fsvg' viewBox%3D'0 0 1600 900'%2F%3E\" data-src=\"https:\/\/sm-artcenter.com\/wp-content\/uploads\/2026\/03\/DSCF6237-copy.jpg\"><\/div><\/div>\r\n\t<div class=\"wpb_text_column wpb_content_element\" >\r\n\t\t<div class=\"wpb_wrapper\">\r\n\t\t\t<div style=\"text-align: justify;\"><\/div>\n<div style=\"text-align: justify;\">\n<p><span style=\"font-weight: bold;\">Chaque objet de notre magasin de design raconte une histoire, une histoire de savoir-faire, de culture et de transformation.<\/span><\/p>\n<\/div>\n<div style=\"text-align: justify; font-weight: bold;\">Lorsque vous rapportez une pi\u00e8ce chez vous, vous n'achetez pas seulement un souvenir, vous soutenez un patrimoine vivant.<\/div>\n\r\n\t\t<\/div>\r\n\t<\/div>\r\n<\/div><\/div><\/div><\/div><div class=\"vc_row-full-width vc_clearfix\"><\/div><a data-id=\"section-without-id\" class=\"ut-vc-offset-anchor-bottom\" name=\"section-without-id\"><\/a><style type=\"text\/css\">#ut-section-69e039dac83bf{background-color: #ffffff !important;background-position: 0 0 !important;background-repeat: no-repeat !important;border-color: background !important;} <\/style><\/section><div class=\"vc_row-full-width vc_clearfix\"><\/div><section id=\"ut-section-69e039dad4d22\" data-vc-full-width=\"true\" data-vc-full-width-init=\"false\" data-cursor-skin=\"global\" class=\"vc_section ut-vc-200 vc_section-has-fill ut-section-69e039dad4d2f\"><div id=\"ut-row-69e039dad5964\" data-vc-full-width=\"true\" data-vc-full-width-init=\"false\" class=\"vc_row wpb_row vc_row-fluid vc_column-gap-0 ut-animate-element animated ut-no-animation-tablet ut-no-animation-mobile ut-row-69e039dad5b54\" data-effect=\"fadeInUp\" data-animateonce=\"yes\" data-delay=\"50\" data-animation-duration=\"2s\"><div class=\"wpb_column vc_column_container vc_col-sm-12\" ><div id=\"ut_inner_column_69e039dad6328\" class=\"vc_column-inner\" ><div class=\"wpb_wrapper\"><div  class=\"wpb_content_element   clearfix\"><style type=\"text\/css\">#ut_am_69e039dad692d { opacity: 1; }#ut_am_wrap_69e039dad692e { text-align: center; }@media (min-width: 768px) and (max-width: 1024px) { #ut_am_wrap_69e039dad692e { text-align: center !important; } }@media (max-width: 767px) { #ut_am_wrap_69e039dad692e { text-align: center !important; } }<\/style><div id=\"ut_am_wrap_69e039dad692e\" class=\"ut-image-gallery-image\"><div id=\"ut_reveal_69e039dad692f\"  data-appear-top-offset=\"auto\" class=\"ut-animated-image-item ut-image-gallery-item ut-animation-done\"><a class=\"ut-deactivated-link\" href=\"#\"><div class=\"ut-animated-image-zoom\">\r\n        <div class=\"ut-element-glitch-wrap\">\r\n\r\n            \r\n        <style type=\"text\/css\">\r\n\r\n                        \r\n        @media (min-width: 1025px) {\r\n\r\n        #ut-element-glitch-69e039dad6962843658447-6240 .ut-glitch-single-element {\r\n                                            \r\n                }\r\n        }\r\n\r\n        @media (min-width: 768px) and (max-width: 1024px) {\r\n\r\n        #ut-element-glitch-69e039dad6962843658447-6240 .ut-glitch-single-element {\r\n                                                \r\n                    }\r\n        }\r\n\r\n        @media (max-width: 767px) {\r\n\r\n        #ut-element-glitch-69e039dad6962843658447-6240 .ut-glitch-single-element {\r\n                                                \r\n                    }\r\n        }\r\n\r\n        \r\n        <\/style>\r\n\r\n        \r\n            <div id=\"ut-element-glitch-69e039dad6962843658447-6240\" class=\"ut-element-glitch ut-glitch-none ut-element-glitch-permanent\">\r\n                <div class=\"ut-glitch-single-element ut-lozad skip-lazy\" data-background-image=\"https:\/\/sm-artcenter.com\/wp-content\/uploads\/2025\/01\/SM-ART-SIGNATURE.svg\"><\/div>\r\n                <div class=\"ut-glitch-single-element ut-lozad skip-lazy\" data-background-image=\"https:\/\/sm-artcenter.com\/wp-content\/uploads\/2025\/01\/SM-ART-SIGNATURE.svg\"><\/div>\r\n                <div class=\"ut-glitch-single-element ut-lozad skip-lazy\" data-background-image=\"https:\/\/sm-artcenter.com\/wp-content\/uploads\/2025\/01\/SM-ART-SIGNATURE.svg\"><\/div>\r\n                <div class=\"ut-glitch-single-element ut-lozad skip-lazy\" data-background-image=\"https:\/\/sm-artcenter.com\/wp-content\/uploads\/2025\/01\/SM-ART-SIGNATURE.svg\"><\/div>\r\n                <div class=\"ut-glitch-single-element ut-lozad skip-lazy\" data-background-image=\"https:\/\/sm-artcenter.com\/wp-content\/uploads\/2025\/01\/SM-ART-SIGNATURE.svg\"><\/div>\r\n            <\/div>\r\n\r\n        <\/div>\r\n\r\n        <img loading=\"lazy\" decoding=\"async\" class=\"ut-lazy skip-lazy ut-animated-image\"  id=\"ut_am_69e039dad692d\" src=\"data:image\/svg+xml;charset=utf-8,%3Csvg xmlns%3D'http%3A%2F%2Fwww.w3.org%2F2000%2Fsvg' viewBox%3D'0 0 325 217'%2F%3E\" data-src=\"https:\/\/sm-artcenter.com\/wp-content\/uploads\/2025\/01\/SM-ART-SIGNATURE.svg\" width=\"325\" height=\"217\" alt=\"\"\/><\/div><\/a><\/div><\/div><\/div><div class=\"wpb_content_element\"><style type=\"text\/css\">#ut_header_69e039dad6ef2 h2.section-title, #ut_header_69e039dad6ef2 h2.section-title span { color:#ffffff; }#ut_header_69e039dad6ef2 h2.section-title { font-size:50px !important;line-height:150% !important;letter-spacing:-0.07em; }#ut_header_69e039dad6ef2 .lead ins { color:#FFFFFF; }#ut_header_69e039dad6ef2 .lead ins { font-weight:bold; }#ut_header_69e039dad6ef2.pt-style-2 .page-title span:after, #ut_header_69e039dad6ef2.pt-style-2 .parallax-title span:after, #ut_header_69e039dad6ef2.pt-style-2 .section-title span:after { background-color:#ffffff !important;}<\/style><header id=\"ut_header_69e039dad6ef2\" class=\"section-header  ut-no-title-linebreak-mobile ut-no-lead-linebreak-mobile pt-style-2 header-center header-tablet-center header-mobile-center element-with-custom-line-height\"><div class=\"element-with-custom-line-height\" ><h2 data-title=\"The legacy of the past, the transformation of the present, and the boldness to imagine the future.\"  data-responsive-font=\"section_title\" data-responsive-font-settings=\"{&quot;base-font-size&quot;:&quot;global&quot;,&quot;font-size&quot;:{&quot;desktop_large&quot;:&quot;50&quot;},&quot;base-line-height&quot;:&quot;global&quot;,&quot;line-height&quot;:{&quot;desktop_large&quot;:&quot;150&quot;},&quot;base-letter-spacing&quot;:&quot;global&quot;,&quot;letter-spacing&quot;:{&quot;desktop_large&quot;:&quot;-0.07&quot;}}\" class=\"section-title\"><span>L'h\u00e9ritage du pass\u00e9, la transformation du pr\u00e9sent et l'audace d'imaginer l'avenir.<\/span><\/h2><\/div><\/header><\/div><\/div><\/div><\/div><\/div><div class=\"vc_row-full-width vc_clearfix\"><\/div><a data-id=\"section-without-id\" class=\"ut-vc-offset-anchor-bottom\" name=\"section-without-id\"><\/a><style type=\"text\/css\">#ut-section-69e039dad4d22{background: #c94e4a url(https:\/\/sm-artcenter.com\/wp-content\/uploads\/2025\/01\/Fichier-12@2x.png?id=6244) !important;background-position: center !important;background-repeat: no-repeat !important;background-size: cover !important;} <\/style><\/section><div class=\"vc_row-full-width vc_clearfix\"><\/div><section id=\"ut-section-69e039dad8b80\" data-vc-full-width=\"true\" data-vc-full-width-init=\"false\" data-cursor-skin=\"global\" class=\"vc_section ut-vc-200 vc_section-has-no-fill ut-section-69e039dad8b91\"><a data-id=\"section-without-id\" class=\"ut-vc-offset-anchor-bottom\" name=\"section-without-id\"><\/a><\/section><div class=\"vc_row-full-width vc_clearfix\"><\/div>\n<\/div>","protected":false},"excerpt":{"rendered":"SM Art Center - Where Art &amp; Craft Becomes Legacy Welcome to our SM Museum store! where the space showcases our craftsmanship. Every piece you see here is unique and entirely handmade, crafted with precision, passion, and cultural pride. Empowering Art, Preserving Heritage At SM Art Center, we do more than create. We train, empower, [...]","protected":false},"author":4,"featured_media":0,"parent":0,"menu_order":0,"comment_status":"closed","ping_status":"closed","template":"","meta":{"footnotes":""},"class_list":["post-6181","page","type-page","status-publish","hentry"],"_links":{"self":[{"href":"https:\/\/sm-artcenter.com\/fr\/wp-json\/wp\/v2\/pages\/6181","targetHints":{"allow":["GET"]}}],"collection":[{"href":"https:\/\/sm-artcenter.com\/fr\/wp-json\/wp\/v2\/pages"}],"about":[{"href":"https:\/\/sm-artcenter.com\/fr\/wp-json\/wp\/v2\/types\/page"}],"author":[{"embeddable":true,"href":"https:\/\/sm-artcenter.com\/fr\/wp-json\/wp\/v2\/users\/4"}],"replies":[{"embeddable":true,"href":"https:\/\/sm-artcenter.com\/fr\/wp-json\/wp\/v2\/comments?post=6181"}],"version-history":[{"count":278,"href":"https:\/\/sm-artcenter.com\/fr\/wp-json\/wp\/v2\/pages\/6181\/revisions"}],"predecessor-version":[{"id":10337,"href":"https:\/\/sm-artcenter.com\/fr\/wp-json\/wp\/v2\/pages\/6181\/revisions\/10337"}],"wp:attachment":[{"href":"https:\/\/sm-artcenter.com\/fr\/wp-json\/wp\/v2\/media?parent=6181"}],"curies":[{"name":"wp","href":"https:\/\/api.w.org\/{rel}","templated":true}]}}