{"id":6184,"date":"2025-01-06T19:49:08","date_gmt":"2025-01-06T19:49:08","guid":{"rendered":"https:\/\/sm-artcenter.com\/?page_id=6184"},"modified":"2026-03-24T09:43:08","modified_gmt":"2026-03-24T09:43:08","slug":"sm-art-cafe","status":"publish","type":"page","link":"https:\/\/sm-artcenter.com\/fr\/sm-art-cafe\/","title":{"rendered":"SM Art Caf\u00e9"},"content":{"rendered":"<div class=\"wpb-content-wrapper\"><div id=\"ut-row-69e36ed62a688\" data-vc-full-width=\"true\" data-vc-full-width-init=\"false\" data-vc-stretch-content=\"true\" data-background-image=\"https:\/\/sm-artcenter.com\/wp-content\/uploads\/2026\/03\/DSCF6645.jpg?id=10386\" class=\"vc_row wpb_row vc_row-fluid vc_row-has-fill vc_column-gap-1 vc_row-no-padding vc_row-height-33vh vc_row-o-columns-middle vc_row-flex ut-row-69e36ed62a69f ut-background-lozad ut-overflow-visible-mobile hide-on-desktop hide-on-tablet\" ><div class=\"wpb_column vc_column_container vc_col-sm-12\" ><div id=\"ut_inner_column_69e36ed62d9df\" class=\"vc_column-inner\" ><div class=\"wpb_wrapper\"><\/div><\/div><style type=\"text\/css\">#ut_inner_column_69e36ed62d9df{background-position: center !important;background-repeat: no-repeat !important;background-size: cover !important;}<\/style><\/div><style type=\"text\/css\">#ut-row-69e36ed62a688{background-position: center !important;background-repeat: no-repeat !important;background-size: contain !important;border-color: background !important;} <\/style><\/div><div class=\"vc_row-full-width vc_clearfix\"><\/div><div id=\"ut-row-69e36ed62e723\" data-vc-full-width=\"true\" data-vc-full-width-init=\"false\" class=\"vc_row wpb_row vc_row-fluid vc_row-has-fill vc_column-gap-0 vc_row-o-full-height vc_row-o-columns-top vc_row-flex ut-row-69e36ed62e735 ut-parallax-section hide-on-tablet hide-on-mobile ut-element-revealer-parent\" ><div id=\"ut-parallax-69e36ed62e744\" data-parallax-factor=\"8\" data-background-image=\"https:\/\/sm-artcenter.com\/wp-content\/uploads\/2026\/03\/DSCF6645.jpg?id=10386\" class=\"parallax-scroll-container parallax-scroll-container-hide ut-background-lozad\" data-parallax-scale-move=\"1.3\"><\/div><div class=\"wpb_column vc_column_container vc_col-sm-12 ut-animate-element animated ut-no-animation-tablet ut-no-animation-mobile\" data-effect=\"fadeIn\" data-animateonce=\"yes\" data-delay=\"200\" data-animation-duration=\"1s\"><div id=\"ut_inner_column_69e36ed62f537\" class=\"vc_column-inner\" ><div class=\"wpb_wrapper\"><\/div><\/div><\/div><style type=\"text\/css\">#ut-row-69e36ed62e723 {} #ut-parallax-69e36ed62e744 { background-position:   !important; }@media (max-width: 767px) { #ut-parallax-69e36ed62e744 { background-position: -400px 0px !important; } }<\/style><div id=\"ut_rfx_69e36ed62e761\" class=\"ut-element-revealer ut-reveal-in-ltor ut-reveal-in-front ut-element-revealer-default ut-element-revealer-quantic ut-reveal-in-before ut-reveal-in-after\" data-appear-top-offset=\"none\" data-ut-wait=\"\"><div class=\"ut-element-revealer-inner\"><\/div><style type=\"text\/css\">#ut_rfx_69e36ed62e761 .ut-element-revealer-inner:before { background: #576a3a; }#ut_rfx_69e36ed62e761 .ut-element-revealer-inner:after { background: #ffc900; }<\/style><\/div><\/div><div class=\"vc_row-full-width vc_clearfix\"><\/div><section id=\"ut-section-69e36ed63035f\" data-vc-full-width=\"true\" data-vc-full-width-init=\"false\" data-cursor-skin=\"global\" class=\"vc_section ut-vc-200 vc_section-has-no-fill ut-section-69e36ed63036d\"><div id=\"ut-row-69e36ed630d3c\" data-vc-full-width=\"true\" data-vc-full-width-init=\"false\" class=\"vc_row wpb_row vc_row-fluid vc_column-gap-0 ut-animate-element animated ut-no-animation-tablet ut-no-animation-mobile ut-row-69e36ed630f20\" data-effect=\"fadeIn\" data-animateonce=\"yes\" data-delay=\"50\" data-animation-duration=\"2s\"><div class=\"wpb_column vc_column_container vc_col-sm-12\" ><div id=\"ut_inner_column_69e36ed6316d8\" class=\"vc_column-inner\" ><div class=\"wpb_wrapper\"><h3 style=\"text-align: center\" class=\"vc_custom_heading vc_custom_1740168219605\">AU MENU<\/h3><div class=\"wpb_content_element\"><style type=\"text\/css\">#ut_header_69e36ed63213b h2.section-title { font-size:50px !important;line-height:150% !important;letter-spacing:-0.07em; }#ut_header_69e36ed63213b .lead { color:#000000; }#ut_header_69e36ed63213b .lead p { color:#000000; }#ut_header_69e36ed63213b .lead ins { color:#000000; }#ut_header_69e36ed63213b .lead ins { font-weight:bold; }<\/style><header id=\"ut_header_69e36ed63213b\" class=\"section-header  ut-no-title-linebreak-mobile ut-no-lead-linebreak-mobile pt-style-2 header-center header-tablet-center header-mobile-center element-with-custom-line-height\"><div class=\"element-with-custom-line-height\" ><h2 data-title=\"GOOD VIBES &amp; GREAT TASTE\" data-effect=\"fadeIn\" data-animateonce=\"yes\" data-delay=\"0\" data-responsive-font=\"section_title\" data-responsive-font-settings=\"{&quot;base-font-size&quot;:&quot;global&quot;,&quot;font-size&quot;:{&quot;desktop_large&quot;:&quot;50&quot;},&quot;base-line-height&quot;:&quot;global&quot;,&quot;line-height&quot;:{&quot;desktop_large&quot;:&quot;150&quot;},&quot;base-letter-spacing&quot;:&quot;global&quot;,&quot;letter-spacing&quot;:{&quot;desktop_large&quot;:&quot;-0.07&quot;}}\" class=\"section-title ut-animate-element animated ut-no-animation-tablet ut-no-animation-mobile\"><span>DE BONNES VIBRATIONS ET UN BON GO\u00dbT<\/span><\/h2><\/div><div data-effect=\"fadeIn\" data-animateonce=\"yes\" data-delay=\"0\" class=\"lead ut-animate-element animated ut-no-animation-tablet ut-no-animation-mobile\"><\/p>\n<div style=\"text-align: justify;\">De l'atmosph\u00e8re aux saveurs, tout est fait pour que vous vous sentiez bien. Notre \u00e9quipe sympathique est toujours pr\u00eate \u00e0 vous servir avec soin et sourire, asseyez-vous et savourez !<\/div>\n<p>\n<\/div><\/header><\/div>\r\n<div id=\"vc-sep-69e36ed637935\" class=\"vc_separator wpb_content_element vc_separator_align_center vc_sep_width_100 vc_sep_pos_align_center vc_separator_no_text vc_sep_color_grey  wpb_content_element\" ><span class=\"vc_sep_holder vc_sep_holder_l\"><span  class=\"vc_sep_line\"><\/span><\/span><span class=\"vc_sep_holder vc_sep_holder_r\"><span  class=\"vc_sep_line\"><\/span><\/span>\r\n<\/div><\/div><\/div><\/div><\/div><div class=\"vc_row-full-width vc_clearfix\"><\/div><div id=\"ut-row-69e36ed6383ac\" data-vc-full-width=\"true\" data-vc-full-width-init=\"false\" class=\"vc_row wpb_row vc_row-fluid vc_column-gap-0 vc_row-o-equal-height vc_row-o-content-middle vc_row-flex ut-row-69e36ed6383bb\" ><div class=\"wpb_column vc_column_container vc_col-sm-6\" ><div id=\"ut_inner_column_69e36ed638c34\" class=\"vc_column-inner\" ><div class=\"wpb_wrapper\"><div data-effect=\"slideInLeft\" data-animateonce=\"yes\" data-delay=\"0\" class=\"wpb_content_element ut-animate-image animated ut-no-animation-tablet ut-no-animation-mobile  vc_custom_1740170122943 clearfix\"><style type=\"text\/css\">#ut_am_69e36ed63914f { opacity: 1; }#ut_am_wrap_69e36ed639150 { text-align: center; }@media (min-width: 768px) and (max-width: 1024px) { #ut_am_wrap_69e36ed639150 { text-align: center !important; } }@media (max-width: 767px) { #ut_am_wrap_69e36ed639150 { text-align: center !important; } }<\/style><div id=\"ut_am_wrap_69e36ed639150\" class=\"ut-image-gallery-image\"><div id=\"ut_reveal_69e36ed639151\"  data-appear-top-offset=\"auto\" class=\"ut-animated-image-item ut-image-gallery-item ut-animation-done\"><a class=\"ut-deactivated-link\" href=\"#\"><div class=\"ut-animated-image-zoom\">\r\n        <div class=\"ut-element-glitch-wrap\">\r\n\r\n            \r\n        <style type=\"text\/css\">\r\n\r\n                        \r\n        @media (min-width: 1025px) {\r\n\r\n        #ut-element-glitch-69e36ed639189789538221-7342 .ut-glitch-single-element {\r\n                                            \r\n                }\r\n        }\r\n\r\n        @media (min-width: 768px) and (max-width: 1024px) {\r\n\r\n        #ut-element-glitch-69e36ed639189789538221-7342 .ut-glitch-single-element {\r\n                                                \r\n                    }\r\n        }\r\n\r\n        @media (max-width: 767px) {\r\n\r\n        #ut-element-glitch-69e36ed639189789538221-7342 .ut-glitch-single-element {\r\n                                                \r\n                    }\r\n        }\r\n\r\n        \r\n        <\/style>\r\n\r\n        \r\n            <div id=\"ut-element-glitch-69e36ed639189789538221-7342\" class=\"ut-element-glitch ut-glitch-none ut-element-glitch-permanent\">\r\n                <div class=\"ut-glitch-single-element ut-lozad skip-lazy\" data-background-image=\"https:\/\/sm-artcenter.com\/wp-content\/uploads\/2025\/02\/cafelatte.png\"><\/div>\r\n                <div class=\"ut-glitch-single-element ut-lozad skip-lazy\" data-background-image=\"https:\/\/sm-artcenter.com\/wp-content\/uploads\/2025\/02\/cafelatte.png\"><\/div>\r\n                <div class=\"ut-glitch-single-element ut-lozad skip-lazy\" data-background-image=\"https:\/\/sm-artcenter.com\/wp-content\/uploads\/2025\/02\/cafelatte.png\"><\/div>\r\n                <div class=\"ut-glitch-single-element ut-lozad skip-lazy\" data-background-image=\"https:\/\/sm-artcenter.com\/wp-content\/uploads\/2025\/02\/cafelatte.png\"><\/div>\r\n                <div class=\"ut-glitch-single-element ut-lozad skip-lazy\" data-background-image=\"https:\/\/sm-artcenter.com\/wp-content\/uploads\/2025\/02\/cafelatte.png\"><\/div>\r\n            <\/div>\r\n\r\n        <\/div>\r\n\r\n        <img loading=\"lazy\" decoding=\"async\" class=\"ut-lazy skip-lazy ut-animated-image\"  id=\"ut_am_69e36ed63914f\" src=\"data:image\/svg+xml;charset=utf-8,%3Csvg xmlns%3D'http%3A%2F%2Fwww.w3.org%2F2000%2Fsvg' viewBox%3D'0 0 1024 1024'%2F%3E\" data-src=\"https:\/\/sm-artcenter.com\/wp-content\/uploads\/2025\/02\/cafelatte.png\" width=\"1024\" height=\"1024\" alt=\"\"\/><\/div><\/a><\/div><\/div><\/div><\/div><\/div><\/div><div class=\"wpb_column vc_column_container vc_col-sm-6\" ><div id=\"ut_inner_column_69e36ed6395ed\" class=\"vc_column-inner\" ><div class=\"wpb_wrapper\"><h3 style=\"color: #E5B837;text-align: left\" class=\"vc_custom_heading vc_custom_1740168782944\">Boisson du mois<\/h3><div class=\"wpb_content_element\"><style type=\"text\/css\">#ut_header_69e36ed639e8c h2.section-title { font-size:50px !important;line-height:150% !important;letter-spacing:-0.07em; }<\/style><header id=\"ut_header_69e36ed639e8c\" class=\"section-header  ut-no-title-linebreak-mobile ut-no-lead-linebreak-mobile pt-style-2 header-left header-tablet-left header-mobile-center element-with-custom-line-height\"><div class=\"element-with-custom-line-height\" ><h2 data-title=\"SM Museum Caf\u00e9\"  data-responsive-font=\"section_title\" data-responsive-font-settings=\"{&quot;base-font-size&quot;:&quot;global&quot;,&quot;font-size&quot;:{&quot;desktop_large&quot;:&quot;50&quot;},&quot;base-line-height&quot;:&quot;global&quot;,&quot;line-height&quot;:{&quot;desktop_large&quot;:&quot;150&quot;},&quot;base-letter-spacing&quot;:&quot;global&quot;,&quot;letter-spacing&quot;:{&quot;desktop_large&quot;:&quot;-0.07&quot;}}\" class=\"section-title\"><span>Caf\u00e9 du Mus\u00e9e SM<\/span><\/h2><\/div><div data-delay=\"0\" class=\"lead\"><\/p>\n<div style=\"text-align: justify;\">Nous avons \u00e9labor\u00e9 un m\u00e9lange unique c\u00e9l\u00e9brant les saveurs khm\u00e8res, pour vous offrir une exp\u00e9rience rafra\u00eechissante et audacieuse. Appr\u00e9ciez l'\u00e9quilibre parfait entre tradition et plaisir moderne.<\/div>\n<p>\n<\/div><\/header><\/div><div class=\"wpb_content_element   clearfix\"><style type=\"text\/css\">#ut_ig_69e36ed63a836 .ut-lazy:not(.ut-image-loaded) + .ut-video-module-loading { display:block; }#ut_ig_69e36ed63a836 .ut-lazy.ut-image-loaded + .ut-video-module-loading { display:none; }<\/style><div id=\"ut_ig_69e36ed63a836\" class=\"ut-image-gallery ut-image-gallery-module  clearfix\" data-settings=\"{&quot;animate&quot;:true,&quot;effect&quot;:&quot;&quot;,&quot;lazy&quot;:true,&quot;delay_animation&quot;:false,&quot;global_delay_animation&quot;:false,&quot;delay_timer&quot;:100,&quot;global_delay_timer&quot;:100}\" ><div  data-count=\"4\" class=\"ut-image-gallery-item ut-animation-done grid-50 tablet-grid-50 mobile-grid-100\"><a  class=\"ut-vc-images-lightbox ut-vc-images-lightbox-group-image\"  data-exthumbimage=\"https:\/\/sm-artcenter.com\/wp-content\/uploads\/2026\/03\/DSCF6640-200x200.jpg\" href=\"https:\/\/sm-artcenter.com\/wp-content\/uploads\/2026\/03\/DSCF6640-1080x720.jpg\" ><div class=\"ut-image-gallery-image\" ><img loading=\"lazy\" decoding=\"async\"  class=\"ut-lazy skip-lazy\" src=\"data:image\/svg+xml;charset=utf-8,%3Csvg xmlns%3D'http%3A%2F%2Fwww.w3.org%2F2000%2Fsvg' viewBox%3D'0 0 325 217'%2F%3E\" data-src=\"https:\/\/sm-artcenter.com\/wp-content\/uploads\/2026\/03\/DSCF6640-325x217.jpg\" width=\"325\" height=\"217\"><\/div><\/a><\/div><div  data-count=\"2\" class=\"ut-image-gallery-item ut-animation-done ut-animation-done grid-50 tablet-grid-50 mobile-grid-100 ut-desktop-last\"><a  class=\"ut-vc-images-lightbox ut-vc-images-lightbox-group-image\"  data-exthumbimage=\"https:\/\/sm-artcenter.com\/wp-content\/uploads\/2026\/03\/DSCF5646-200x200.jpg\" href=\"https:\/\/sm-artcenter.com\/wp-content\/uploads\/2026\/03\/DSCF5646-1080x720.jpg\" ><div class=\"ut-image-gallery-image\" ><img loading=\"lazy\" decoding=\"async\"  class=\"ut-lazy skip-lazy\" src=\"data:image\/svg+xml;charset=utf-8,%3Csvg xmlns%3D'http%3A%2F%2Fwww.w3.org%2F2000%2Fsvg' viewBox%3D'0 0 325 217'%2F%3E\" data-src=\"https:\/\/sm-artcenter.com\/wp-content\/uploads\/2026\/03\/DSCF5646-325x217.jpg\" width=\"325\" height=\"217\"><\/div><\/a><\/div><div class=\"clear hide-on-tablet\"><\/div><div  data-count=\"2\" class=\"ut-image-gallery-item ut-animation-done ut-animation-done ut-animation-done grid-50 tablet-grid-50 mobile-grid-100 ut-tablet-last\"><a  class=\"ut-vc-images-lightbox ut-vc-images-lightbox-group-image\"  data-exthumbimage=\"https:\/\/sm-artcenter.com\/wp-content\/uploads\/2026\/03\/IMG_2168-200x200.jpg\" href=\"https:\/\/sm-artcenter.com\/wp-content\/uploads\/2026\/03\/IMG_2168-960x720.jpg\" ><div class=\"ut-image-gallery-image\" ><img loading=\"lazy\" decoding=\"async\"  class=\"ut-lazy skip-lazy\" src=\"data:image\/svg+xml;charset=utf-8,%3Csvg xmlns%3D'http%3A%2F%2Fwww.w3.org%2F2000%2Fsvg' viewBox%3D'0 0 325 217'%2F%3E\" data-src=\"https:\/\/sm-artcenter.com\/wp-content\/uploads\/2026\/03\/IMG_2168-325x217.jpg\" width=\"325\" height=\"217\"><\/div><\/a><\/div><div class=\"clear hide-on-desktop hide-on-tablet\"><\/div><div  data-count=\"2\" class=\"ut-image-gallery-item ut-animation-done ut-animation-done ut-animation-done ut-animation-done grid-50 tablet-grid-50 mobile-grid-100\"><a  class=\"ut-vc-images-lightbox ut-vc-images-lightbox-group-image\"  data-exthumbimage=\"https:\/\/sm-artcenter.com\/wp-content\/uploads\/2026\/03\/IMG_2183-200x200.jpg\" href=\"https:\/\/sm-artcenter.com\/wp-content\/uploads\/2026\/03\/IMG_2183-960x720.jpg\" ><div class=\"ut-image-gallery-image\" ><img loading=\"lazy\" decoding=\"async\"  class=\"ut-lazy skip-lazy\" src=\"data:image\/svg+xml;charset=utf-8,%3Csvg xmlns%3D'http%3A%2F%2Fwww.w3.org%2F2000%2Fsvg' viewBox%3D'0 0 325 217'%2F%3E\" data-src=\"https:\/\/sm-artcenter.com\/wp-content\/uploads\/2026\/03\/IMG_2183-325x217.jpg\" width=\"325\" height=\"217\"><\/div><\/a><\/div><div class=\"ut-image-gallery-sizer\"><\/div><div class=\"clear\"><\/div><\/div><\/div><\/div><\/div><\/div><\/div><div class=\"vc_row-full-width vc_clearfix\"><\/div><a data-id=\"section-without-id\" class=\"ut-vc-offset-anchor-bottom\" name=\"section-without-id\"><\/a><\/section><div class=\"vc_row-full-width vc_clearfix\"><\/div>\n<\/div>","protected":false},"excerpt":{"rendered":"WHAT\u2019S ON THE MENUGOOD VIBES &amp; GREAT TASTEFrom the atmosphere to the flavors, everything here is about making you feel good. Our friendly team is always ready to serve you with care and a smile, just sit back and enjoy! Drink of the monthSM Museum Caf\u00e9We crafted a unique blend celebrating Khmer flavors, bringing you [...]","protected":false},"author":4,"featured_media":0,"parent":0,"menu_order":0,"comment_status":"closed","ping_status":"closed","template":"","meta":{"footnotes":""},"class_list":["post-6184","page","type-page","status-publish","hentry"],"_links":{"self":[{"href":"https:\/\/sm-artcenter.com\/fr\/wp-json\/wp\/v2\/pages\/6184","targetHints":{"allow":["GET"]}}],"collection":[{"href":"https:\/\/sm-artcenter.com\/fr\/wp-json\/wp\/v2\/pages"}],"about":[{"href":"https:\/\/sm-artcenter.com\/fr\/wp-json\/wp\/v2\/types\/page"}],"author":[{"embeddable":true,"href":"https:\/\/sm-artcenter.com\/fr\/wp-json\/wp\/v2\/users\/4"}],"replies":[{"embeddable":true,"href":"https:\/\/sm-artcenter.com\/fr\/wp-json\/wp\/v2\/comments?post=6184"}],"version-history":[{"count":82,"href":"https:\/\/sm-artcenter.com\/fr\/wp-json\/wp\/v2\/pages\/6184\/revisions"}],"predecessor-version":[{"id":10393,"href":"https:\/\/sm-artcenter.com\/fr\/wp-json\/wp\/v2\/pages\/6184\/revisions\/10393"}],"wp:attachment":[{"href":"https:\/\/sm-artcenter.com\/fr\/wp-json\/wp\/v2\/media?parent=6184"}],"curies":[{"name":"wp","href":"https:\/\/api.w.org\/{rel}","templated":true}]}}