{"id":6190,"date":"2025-01-06T19:51:25","date_gmt":"2025-01-06T19:51:25","guid":{"rendered":"https:\/\/sm-artcenter.com\/?page_id=6190"},"modified":"2026-03-18T09:50:33","modified_gmt":"2026-03-18T09:50:33","slug":"temporary-exhibitions","status":"publish","type":"page","link":"https:\/\/sm-artcenter.com\/fr\/temporary-exhibitions\/","title":{"rendered":"Expositions Sp\u00e9ciales 2026"},"content":{"rendered":"<div class=\"wpb-content-wrapper\"><section id=\"ut-section-69f5fabf9664c\" data-vc-full-width=\"true\" data-vc-full-width-init=\"false\" data-vc-stretch-content=\"true\" data-cursor-skin=\"global\" class=\"vc_section ut-vc-200 vc_section-has-no-fill ut-section-69f5fabf96660 ut-section-with-linking\"><a id=\"section-about\" data-id=\"section-about\" class=\"ut-vc-offset-anchor-top\" name=\"section-about\">\u00e0 propos de<\/a><a data-id=\"section-about\" class=\"ut-vc-offset-anchor-bottom\" name=\"section-about\">\u00e0 propos de<\/a><\/section><div class=\"vc_row-full-width vc_clearfix\"><\/div><div id=\"ut-row-69f5fabf98009\" data-vc-full-width=\"true\" data-vc-full-width-init=\"false\" class=\"vc_row wpb_row vc_row-fluid vc_column-gap-0 ut-row-69f5fabf9801b\" ><div class=\"wpb_column vc_column_container vc_col-sm-12\" ><div id=\"ut_inner_column_69f5fabf98cc1\" class=\"vc_column-inner\" ><div class=\"wpb_wrapper\"><div class=\"wpb_content_element\"><style type=\"text\/css\">#ut_header_69f5fabf992ce h2.section-title { font-size:50px !important;line-height:150% !important;letter-spacing:-0.07em; }<\/style><header id=\"ut_header_69f5fabf992ce\" class=\"section-header  ut-no-title-linebreak-mobile ut-no-lead-linebreak-mobile pt-style-2 header-center header-tablet-center header-mobile-center element-with-custom-line-height\"><div class=\"element-with-custom-line-height\" ><h2 data-title=\"Special Exhibitions\"  data-responsive-font=\"section_title\" data-responsive-font-settings=\"{&quot;base-font-size&quot;:&quot;global&quot;,&quot;font-size&quot;:{&quot;desktop_large&quot;:&quot;50&quot;},&quot;base-line-height&quot;:&quot;global&quot;,&quot;line-height&quot;:{&quot;desktop_large&quot;:&quot;150&quot;},&quot;base-letter-spacing&quot;:&quot;global&quot;,&quot;letter-spacing&quot;:{&quot;desktop_large&quot;:&quot;-0.07&quot;}}\" class=\"section-title\"><span>Expositions sp\u00e9ciales<\/span><\/h2><\/div><div data-delay=\"0\" class=\"lead\"><p>Un espace pour les voix \u00e9mergentes et les perspectives contemporaines<\/p>\n<\/div><\/header><\/div>\r\n\t<div class=\"wpb_text_column wpb_content_element\" >\r\n\t\t<div class=\"wpb_wrapper\">\r\n\t\t\t<div style=\"text-align: justify;\">L'espace d'expositions temporaires du SM Art Center a pour vocation de pr\u00e9senter des pratiques artistiques audacieuses, innovantes et pluridisciplinaires. Con\u00e7u comme une plateforme de cr\u00e9ation, d'exp\u00e9rimentation et de dialogue, il pr\u00e9sente un programme dynamique qui refl\u00e8te la diversit\u00e9 et la vitalit\u00e9 de l'art contemporain. Ouvert aux artistes \u00e9mergents et confirm\u00e9s du Cambodge et du monde entier, l'espace accueille un large \u00e9ventail de pratiques, notamment la photographie, la peinture, la sculpture, l'installation et les techniques mixtes. Chaque exposition invite les visiteurs \u00e0 une rencontre unique avec de nouvelles formes, id\u00e9es et expressions esth\u00e9tiques.<\/div>\n\r\n\t\t<\/div>\r\n\t<\/div>\r\n\r\n<style type=\"text\/css\">\r\n\r\n    \r\n    #ut-empty-space-69f5fabf9effe {\r\n        height: 40px    }\r\n\r\n    \r\n        @media (min-width: 768px) and (max-width: 1200px) {\r\n        #ut-empty-space-69f5fabf9effe {\r\n        height: 40px;\r\n        display: block;\r\n    }\r\n    }\r\n    \r\n    \r\n    @media (max-width: 767px) {\r\n        #ut-empty-space-69f5fabf9effe {\r\n        height: 40px;\r\n        display: block;\r\n    }\r\n    }\r\n\r\n    \r\n<\/style>\r\n\r\n<div class=\"vc_empty_space\" id=\"ut-empty-space-69f5fabf9effe\"><span class=\"vc_empty_space_inner\"><\/span><\/div><\/div><\/div><\/div><style type=\"text\/css\">#ut-row-69f5fabf98009{margin-bottom: 80px !important;background-position: center !important;background-repeat: no-repeat !important;background-size: cover !important;} <\/style><\/div><div class=\"vc_row-full-width vc_clearfix\"><\/div><div id=\"ut-row-69f5fabf9fa0a\" data-vc-full-width=\"true\" data-vc-full-width-init=\"false\" class=\"vc_row wpb_row vc_row-fluid vc_column-gap-0 ut-row-69f5fabf9fa17\" ><div class=\"wpb_column vc_column_container vc_col-sm-12\" ><div id=\"ut_inner_column_69f5fabfa03b3\" class=\"vc_column-inner\" ><div class=\"wpb_wrapper\"><div class=\"wpb_content_element\"><style type=\"text\/css\">#ut_header_69f5fabfa0979 h2.section-title { font-size:50px !important;line-height:150% !important;letter-spacing:-0.07em; }<\/style><header id=\"ut_header_69f5fabfa0979\" class=\"section-header  ut-no-title-linebreak-mobile ut-no-lead-linebreak-mobile pt-style-2 header-center header-tablet-center header-mobile-center element-with-custom-line-height\"><div class=\"element-with-custom-line-height\" ><h2 data-title=\"A platform for Cambodian and international artists\"  data-responsive-font=\"section_title\" data-responsive-font-settings=\"{&quot;base-font-size&quot;:&quot;global&quot;,&quot;font-size&quot;:{&quot;desktop_large&quot;:&quot;50&quot;},&quot;base-line-height&quot;:&quot;global&quot;,&quot;line-height&quot;:{&quot;desktop_large&quot;:&quot;150&quot;},&quot;base-letter-spacing&quot;:&quot;global&quot;,&quot;letter-spacing&quot;:{&quot;desktop_large&quot;:&quot;-0.07&quot;}}\" class=\"section-title\"><span>Une plateforme pour les artistes cambodgiens et internationaux<\/span><\/h2><\/div><\/header><\/div>\r\n\t<div class=\"wpb_text_column wpb_content_element\" >\r\n\t\t<div class=\"wpb_wrapper\">\r\n\t\t\t<div style=\"text-align: justify;\">En plus de sa programmation, l'espace d'expositions temporaires sert de tremplin aux nouvelles voix de l'art contemporain. Il offre aux artistes la possibilit\u00e9 de partager leur vision dans un cadre qui valorise l'excellence artistique, l'ouverture et l'\u00e9change culturel.<\/div>\n\r\n\t\t<\/div>\r\n\t<\/div>\r\n\r\n<style type=\"text\/css\">\r\n\r\n    \r\n    #ut-empty-space-69f5fabfa1507 {\r\n        height: 40px    }\r\n\r\n    \r\n        @media (min-width: 768px) and (max-width: 1200px) {\r\n        #ut-empty-space-69f5fabfa1507 {\r\n        height: 40px;\r\n        display: block;\r\n    }\r\n    }\r\n    \r\n    \r\n    @media (max-width: 767px) {\r\n        #ut-empty-space-69f5fabfa1507 {\r\n        height: 40px;\r\n        display: block;\r\n    }\r\n    }\r\n\r\n    \r\n<\/style>\r\n\r\n<div class=\"vc_empty_space\" id=\"ut-empty-space-69f5fabfa1507\"><span class=\"vc_empty_space_inner\"><\/span><\/div><\/div><\/div><\/div><style type=\"text\/css\">#ut-row-69f5fabf9fa0a{margin-bottom: 80px !important;background-position: center !important;background-repeat: no-repeat !important;background-size: cover !important;} <\/style><\/div><div class=\"vc_row-full-width vc_clearfix\"><\/div><div id=\"ut-row-69f5fabfa1e6c\" data-vc-full-width=\"true\" data-vc-full-width-init=\"false\" class=\"vc_row wpb_row vc_row-fluid vc_column-gap-0 ut-row-69f5fabfa1e77\" ><div class=\"wpb_column vc_column_container vc_col-sm-12\" ><div id=\"ut_inner_column_69f5fabfa28b4\" class=\"vc_column-inner\" ><div class=\"wpb_wrapper\"><div class=\"wpb_content_element\"><style type=\"text\/css\">#ut_header_69f5fabfa2df0 h2.section-title { font-size:50px !important;line-height:150% !important;letter-spacing:-0.07em; }<\/style><header id=\"ut_header_69f5fabfa2df0\" class=\"section-header  ut-no-title-linebreak-mobile ut-no-lead-linebreak-mobile pt-style-2 header-center header-tablet-center header-mobile-center element-with-custom-line-height\"><div class=\"element-with-custom-line-height\" ><h2 data-title=\"A curated opportunity by the founding artists of SM Art Center\"  data-responsive-font=\"section_title\" data-responsive-font-settings=\"{&quot;base-font-size&quot;:&quot;global&quot;,&quot;font-size&quot;:{&quot;desktop_large&quot;:&quot;50&quot;},&quot;base-line-height&quot;:&quot;global&quot;,&quot;line-height&quot;:{&quot;desktop_large&quot;:&quot;150&quot;},&quot;base-letter-spacing&quot;:&quot;global&quot;,&quot;letter-spacing&quot;:{&quot;desktop_large&quot;:&quot;-0.07&quot;}}\" class=\"section-title\"><span>Une opportunit\u00e9 organis\u00e9e par les artistes fondateurs du SM Art Center<\/span><\/h2><\/div><\/header><\/div>\r\n\t<div class=\"wpb_text_column wpb_content_element\" >\r\n\t\t<div class=\"wpb_wrapper\">\r\n\t\t\t<div style=\"text-align: justify;\">Tous les artistes exposants sont soigneusement s\u00e9lectionn\u00e9s et soutenus par les artistes fondateurs du SM Art Center, les cr\u00e9ateurs de renomm\u00e9e internationale Svay Sareth et Yim Maline. Leur r\u00f4le de commissaires d'exposition garantit une direction artistique r\u00e9fl\u00e9chie et rigoureuse, encadrant chaque exposition dans une exploration significative des th\u00e8mes culturels et sociaux d'aujourd'hui.<\/div>\n\r\n\t\t<\/div>\r\n\t<\/div>\r\n\r\n<style type=\"text\/css\">\r\n\r\n    \r\n    #ut-empty-space-69f5fabfa3981 {\r\n        height: 40px    }\r\n\r\n    \r\n        @media (min-width: 768px) and (max-width: 1200px) {\r\n        #ut-empty-space-69f5fabfa3981 {\r\n        height: 40px;\r\n        display: block;\r\n    }\r\n    }\r\n    \r\n    \r\n    @media (max-width: 767px) {\r\n        #ut-empty-space-69f5fabfa3981 {\r\n        height: 40px;\r\n        display: block;\r\n    }\r\n    }\r\n\r\n    \r\n<\/style>\r\n\r\n<div class=\"vc_empty_space\" id=\"ut-empty-space-69f5fabfa3981\"><span class=\"vc_empty_space_inner\"><\/span><\/div><\/div><\/div><\/div><style type=\"text\/css\">#ut-row-69f5fabfa1e6c{margin-bottom: 80px !important;background-position: center !important;background-repeat: no-repeat !important;background-size: cover !important;} <\/style><\/div><div class=\"vc_row-full-width vc_clearfix\"><\/div><div id=\"ut-row-69f5fabfa42b4\" data-vc-full-width=\"true\" data-vc-full-width-init=\"false\" class=\"vc_row wpb_row vc_row-fluid vc_column-gap-0 ut-row-69f5fabfa42c0\" ><div class=\"wpb_column vc_column_container vc_col-sm-12\" ><div id=\"ut_inner_column_69f5fabfa4cb6\" class=\"vc_column-inner\" ><div class=\"wpb_wrapper\"><div class=\"wpb_content_element\"><style type=\"text\/css\">#ut_header_69f5fabfa51ab h2.section-title { font-size:50px !important;line-height:150% !important;letter-spacing:-0.07em; }<\/style><header id=\"ut_header_69f5fabfa51ab\" class=\"section-header  ut-no-title-linebreak-mobile ut-no-lead-linebreak-mobile pt-style-2 header-center header-tablet-center header-mobile-center element-with-custom-line-height\"><div class=\"element-with-custom-line-height\" ><h2 data-title=\"A stage for recognition and resonance\"  data-responsive-font=\"section_title\" data-responsive-font-settings=\"{&quot;base-font-size&quot;:&quot;global&quot;,&quot;font-size&quot;:{&quot;desktop_large&quot;:&quot;50&quot;},&quot;base-line-height&quot;:&quot;global&quot;,&quot;line-height&quot;:{&quot;desktop_large&quot;:&quot;150&quot;},&quot;base-letter-spacing&quot;:&quot;global&quot;,&quot;letter-spacing&quot;:{&quot;desktop_large&quot;:&quot;-0.07&quot;}}\" class=\"section-title\"><span>Une sc\u00e8ne de reconnaissance et de r\u00e9sonance<\/span><\/h2><\/div><\/header><\/div>\r\n\t<div class=\"wpb_text_column wpb_content_element\" >\r\n\t\t<div class=\"wpb_wrapper\">\r\n\t\t\t<div style=\"text-align: justify;\">Plus qu'un simple espace d'exposition, le SM Art Center est une plateforme de visibilit\u00e9 artistique, de dialogue culturel et d'impact cr\u00e9atif. Il joue le r\u00f4le de catalyseur de la reconnaissance, en jetant un pont entre l'h\u00e9ritage et l'innovation, et en reliant les expressions locales aux conversations mondiales.<\/div>\n\r\n\t\t<\/div>\r\n\t<\/div>\r\n\r\n<style type=\"text\/css\">\r\n\r\n    \r\n    #ut-empty-space-69f5fabfa5d27 {\r\n        height: 40px    }\r\n\r\n    \r\n        @media (min-width: 768px) and (max-width: 1200px) {\r\n        #ut-empty-space-69f5fabfa5d27 {\r\n        height: 40px;\r\n        display: block;\r\n    }\r\n    }\r\n    \r\n    \r\n    @media (max-width: 767px) {\r\n        #ut-empty-space-69f5fabfa5d27 {\r\n        height: 40px;\r\n        display: block;\r\n    }\r\n    }\r\n\r\n    \r\n<\/style>\r\n\r\n<div class=\"vc_empty_space\" id=\"ut-empty-space-69f5fabfa5d27\"><span class=\"vc_empty_space_inner\"><\/span><\/div><\/div><\/div><\/div><style type=\"text\/css\">#ut-row-69f5fabfa42b4{margin-bottom: 80px !important;background-position: center !important;background-repeat: no-repeat !important;background-size: cover !important;} <\/style><\/div><div class=\"vc_row-full-width vc_clearfix\"><\/div>\n<\/div>","protected":false},"excerpt":{"rendered":"aboutaboutSpecial ExhibitionsA space for emerging voices and contemporary perspectives The temporary exhibitions space at the SM Art Center is dedicated to showcasing bold, innovative, and multidisciplinary artistic practices. Designed as a platform for creation, experimentation, and dialogue, it presents a dynamic program that reflects the diversity and vitality of contemporary art.Open to emerging and established [...]","protected":false},"author":4,"featured_media":0,"parent":0,"menu_order":0,"comment_status":"closed","ping_status":"closed","template":"","meta":{"footnotes":""},"class_list":["post-6190","page","type-page","status-publish","hentry"],"_links":{"self":[{"href":"https:\/\/sm-artcenter.com\/fr\/wp-json\/wp\/v2\/pages\/6190","targetHints":{"allow":["GET"]}}],"collection":[{"href":"https:\/\/sm-artcenter.com\/fr\/wp-json\/wp\/v2\/pages"}],"about":[{"href":"https:\/\/sm-artcenter.com\/fr\/wp-json\/wp\/v2\/types\/page"}],"author":[{"embeddable":true,"href":"https:\/\/sm-artcenter.com\/fr\/wp-json\/wp\/v2\/users\/4"}],"replies":[{"embeddable":true,"href":"https:\/\/sm-artcenter.com\/fr\/wp-json\/wp\/v2\/comments?post=6190"}],"version-history":[{"count":103,"href":"https:\/\/sm-artcenter.com\/fr\/wp-json\/wp\/v2\/pages\/6190\/revisions"}],"predecessor-version":[{"id":10250,"href":"https:\/\/sm-artcenter.com\/fr\/wp-json\/wp\/v2\/pages\/6190\/revisions\/10250"}],"wp:attachment":[{"href":"https:\/\/sm-artcenter.com\/fr\/wp-json\/wp\/v2\/media?parent=6190"}],"curies":[{"name":"wp","href":"https:\/\/api.w.org\/{rel}","templated":true}]}}